{"id":1785,"date":"2021-05-18T08:26:31","date_gmt":"2021-05-18T08:26:31","guid":{"rendered":"https:\/\/afrissur.cd\/?page_id=1785"},"modified":"2025-12-03T10:16:11","modified_gmt":"2025-12-03T10:16:11","slug":"presentation","status":"publish","type":"page","link":"https:\/\/afrissur.cd\/en\/presentation\/","title":{"rendered":"Presentation"},"content":{"rendered":"<p><div class=\"fusion-fullwidth fullwidth-box fusion-builder-row-1 fusion-flex-container fusion-parallax-none nonhundred-percent-fullwidth non-hundred-percent-height-scrolling\" style=\"--awb-border-radius-top-left:0px;--awb-border-radius-top-right:0px;--awb-border-radius-bottom-right:0px;--awb-border-radius-bottom-left:0px;--awb-padding-top:30px;--awb-padding-bottom:30px;--awb-background-image:url(&quot;http:\/\/afrissur.cd\/wp-content\/uploads\/2021\/05\/title.png&quot;);--awb-background-size:cover;--awb-flex-wrap:wrap;\" ><div class=\"fusion-builder-row fusion-row fusion-flex-align-items-flex-start fusion-flex-content-wrap\" style=\"max-width:1248px;margin-left: calc(-4% \/ 2 );margin-right: calc(-4% \/ 2 );\"><\/div><\/div><div class=\"fusion-fullwidth fullwidth-box fusion-builder-row-2 fusion-flex-container nonhundred-percent-fullwidth non-hundred-percent-height-scrolling\" style=\"--awb-border-radius-top-left:0px;--awb-border-radius-top-right:0px;--awb-border-radius-bottom-right:0px;--awb-border-radius-bottom-left:0px;--awb-padding-top:3%;--awb-padding-bottom:1%;--awb-flex-wrap:wrap;\" ><div class=\"fusion-builder-row fusion-row fusion-flex-align-items-flex-start fusion-flex-content-wrap\" style=\"max-width:1248px;margin-left: calc(-4% \/ 2 );margin-right: calc(-4% \/ 2 );\"><div class=\"fusion-layout-column fusion_builder_column fusion-builder-column-0 fusion_builder_column_1_2 1_2 fusion-flex-column\" style=\"--awb-padding-right:0%;--awb-padding-left:0%;--awb-bg-size:cover;--awb-width-large:50%;--awb-margin-top-large:0px;--awb-spacing-right-large:3.84%;--awb-margin-bottom-large:66px;--awb-spacing-left-large:3.84%;--awb-width-medium:50%;--awb-order-medium:0;--awb-spacing-right-medium:3.84%;--awb-spacing-left-medium:3.84%;--awb-width-small:100%;--awb-order-small:0;--awb-spacing-right-small:1.92%;--awb-spacing-left-small:1.92%;\"><div class=\"fusion-column-wrapper fusion-column-has-shadow fusion-flex-justify-content-flex-start fusion-content-layout-column\"><div class=\"fusion-title title fusion-title-1 fusion-no-small-visibility fusion-sep-none fusion-title-text fusion-title-size-one\" style=\"--awb-text-color:#494994;--awb-font-size:40px;\"><h1 class=\"fusion-title-heading title-heading-left\" style=\"margin:0;font-size:1em;\"><span style=\"color: #1db3ae;\">Who<\/span> we are<\/h1><\/div><div class=\"fusion-title title fusion-title-2 fusion-no-medium-visibility fusion-no-large-visibility fusion-sep-none fusion-title-text fusion-title-size-one\" style=\"--awb-text-color:#494994;--awb-font-size:30px;\"><h1 class=\"fusion-title-heading title-heading-left\" style=\"margin:0;font-size:1em;\"><span style=\"color: #1db3ae;\">Qui<\/span> sommes-nous ?<\/h1><\/div><div class=\"fusion-text fusion-text-1\" style=\"--awb-content-alignment:justify;\"><p>AFRISSUR S.A. is a life insurance company established on March 28, 2019, and officially licensed by Autorit\u00e9 de R\u00e9gulation et de Contr\u00f4le des Assurances (ARCA) on 20 June 2020, to carry out life insurance operations in the DRC.<\/p>\n<p>Our life insurance offering primarily provides coverage in the event of disability, death, or retirement, with optional benefits that include partial permanent disability resulting from an accident, daily allowances, and funeral expense coverage<\/p>\n<p>Our mission is to support the Congolese community in transitioning from community-based and informal insurance systems to formal, inclusive individual and collective solutions. These systems have a positive impact on communities and contribute to social stability and economic growth.<\/p>\n<p>Afrissur is committed to achieving its objectives through diligent and prudent management. We ensure the establishment of technical provisions and adhere to all regulatory standards, including those related to solvency.<\/p>\n<\/div><\/div><\/div><div class=\"fusion-layout-column fusion_builder_column fusion-builder-column-1 fusion_builder_column_1_2 1_2 fusion-flex-column\" style=\"--awb-padding-right:0%;--awb-padding-left:0%;--awb-bg-size:cover;--awb-width-large:50%;--awb-margin-top-large:0px;--awb-spacing-right-large:3.84%;--awb-margin-bottom-large:66px;--awb-spacing-left-large:3.84%;--awb-width-medium:50%;--awb-order-medium:0;--awb-spacing-right-medium:3.84%;--awb-spacing-left-medium:3.84%;--awb-width-small:100%;--awb-order-small:0;--awb-spacing-right-small:1.92%;--awb-spacing-left-small:1.92%;\"><div class=\"fusion-column-wrapper fusion-column-has-shadow fusion-flex-justify-content-flex-start fusion-content-layout-column\"><div class=\"fusion-title title fusion-title-3 fusion-no-small-visibility fusion-sep-none fusion-title-text fusion-title-size-one\" style=\"--awb-text-color:#494994;--awb-font-size:40px;\"><h1 class=\"fusion-title-heading title-heading-left\" style=\"margin:0;font-size:1em;\"><span style=\"color: #1db3ae;\">Share<\/span>holding<\/h1><\/div><div class=\"fusion-title title fusion-title-4 fusion-no-medium-visibility fusion-no-large-visibility fusion-sep-none fusion-title-text fusion-title-size-one\" style=\"--awb-text-color:#494994;--awb-font-size:30px;\"><h1 class=\"fusion-title-heading title-heading-left\" style=\"margin:0;font-size:1em;\"><span style=\"color: #1db3ae;\">Action<\/span>nariat<\/h1><\/div><div class=\"fusion-text fusion-text-2\" style=\"--awb-content-alignment:justify;\"><p>Trust Merchant Bank S.A. (TMB), a company incorporated under Congolese law, is the majority shareholder of AFRISSUR, holding 99% of the shares. Individual shareholders hold the remaining 1%.<\/p>\n<p>The company maintains a transparent and locally anchored ownership structure, with all ultimate beneficiaries residing in the DRC.<\/p>\n<p><strong>Board of Directors<\/strong><\/p>\n<p>The Board of Directors sets AFRISSUR\u2019s strategic direction and oversees its effective implementation. It is composed of highly qualified professionals with extensive and diverse experience across multiple sectors, including insurance and banking.<\/p>\n<p>With the exception of the Chief Executive Officer, Board members do not hold operational roles within the company. This separation of responsibilities ensures sound governance, enabling the Board to focus on strategic oversight, performance monitoring, and risk management.<\/p>\n<p><b>Executive Committee<\/b><\/p>\n<p>AFRISSUR\u2019s Executive Committee oversees daily management and ensures that operations align with the Board\u2019s strategic direction and the long-term interests of both policyholders and shareholders.<\/p>\n<\/div><\/div><\/div><\/div><\/div><section class=\"fusion-fullwidth fullwidth-box fusion-builder-row-3 fusion-flex-container hundred-percent-fullwidth non-hundred-percent-height-scrolling\" style=\"--awb-background-position:right center;--awb-border-radius-top-left:0px;--awb-border-radius-top-right:0px;--awb-border-radius-bottom-right:0px;--awb-border-radius-bottom-left:0px;--awb-padding-top:0px;--awb-padding-right:0px;--awb-padding-bottom:0px;--awb-padding-left:0px;--awb-margin-top:0px;--awb-margin-bottom:0px;--awb-background-size:cover;--awb-flex-wrap:wrap;\" ><div class=\"fusion-builder-row fusion-row fusion-flex-align-items-flex-start fusion-flex-content-wrap\" style=\"width:calc( 100% + 0px ) !important;max-width:calc( 100% + 0px ) !important;margin-left: calc(-0px \/ 2 );margin-right: calc(-0px \/ 2 );\"><div class=\"fusion-layout-column fusion_builder_column fusion-builder-column-2 fusion_builder_column_1_1 1_1 fusion-flex-column\" style=\"--awb-bg-size:cover;--awb-width-large:100%;--awb-margin-top-large:0px;--awb-spacing-right-large:0px;--awb-margin-bottom-large:20px;--awb-spacing-left-large:0px;--awb-width-medium:100%;--awb-order-medium:0;--awb-spacing-right-medium:0px;--awb-spacing-left-medium:0px;--awb-width-small:100%;--awb-order-small:0;--awb-spacing-right-small:0px;--awb-spacing-left-small:0px;\"><div class=\"fusion-column-wrapper fusion-column-has-shadow fusion-flex-justify-content-flex-start fusion-content-layout-column\"><div class=\"fusion-image-element \" style=\"--awb-caption-title-font-family:var(--h2_typography-font-family);--awb-caption-title-font-weight:var(--h2_typography-font-weight);--awb-caption-title-font-style:var(--h2_typography-font-style);--awb-caption-title-size:var(--h2_typography-font-size);--awb-caption-title-transform:var(--h2_typography-text-transform);--awb-caption-title-line-height:var(--h2_typography-line-height);--awb-caption-title-letter-spacing:var(--h2_typography-letter-spacing);\"><span class=\" fusion-imageframe imageframe-none imageframe-1 hover-type-none\"><img decoding=\"async\" width=\"2500\" height=\"968\" title=\"banner-presa\" src=\"https:\/\/afrissur.cd\/wp-content\/uploads\/2025\/04\/banner-presa.jpg\" alt class=\"img-responsive wp-image-1623\" srcset=\"https:\/\/afrissur.cd\/wp-content\/uploads\/2025\/04\/banner-presa-200x77.jpg 200w, https:\/\/afrissur.cd\/wp-content\/uploads\/2025\/04\/banner-presa-400x155.jpg 400w, https:\/\/afrissur.cd\/wp-content\/uploads\/2025\/04\/banner-presa-600x232.jpg 600w, https:\/\/afrissur.cd\/wp-content\/uploads\/2025\/04\/banner-presa-800x310.jpg 800w, https:\/\/afrissur.cd\/wp-content\/uploads\/2025\/04\/banner-presa-1200x465.jpg 1200w, https:\/\/afrissur.cd\/wp-content\/uploads\/2025\/04\/banner-presa.jpg 2500w\" sizes=\"(max-width: 640px) 100vw, 2500px\" \/><\/span><\/div><\/div><\/div><\/div><\/section><div class=\"fusion-fullwidth fullwidth-box fusion-builder-row-4 fusion-flex-container nonhundred-percent-fullwidth non-hundred-percent-height-scrolling\" style=\"--awb-border-radius-top-left:0px;--awb-border-radius-top-right:0px;--awb-border-radius-bottom-right:0px;--awb-border-radius-bottom-left:0px;--awb-padding-top:4%;--awb-padding-bottom:4%;--awb-flex-wrap:wrap;\" ><div class=\"fusion-builder-row fusion-row fusion-flex-align-items-flex-start fusion-flex-content-wrap\" style=\"max-width:1248px;margin-left: calc(-4% \/ 2 );margin-right: calc(-4% \/ 2 );\"><div class=\"fusion-layout-column fusion_builder_column fusion-builder-column-3 fusion_builder_column_1_3 1_3 fusion-flex-column\" style=\"--awb-bg-size:cover;--awb-width-large:33.333333333333%;--awb-margin-top-large:0px;--awb-spacing-right-large:5.76%;--awb-margin-bottom-large:20px;--awb-spacing-left-large:5.76%;--awb-width-medium:33.333333333333%;--awb-order-medium:0;--awb-spacing-right-medium:5.76%;--awb-spacing-left-medium:5.76%;--awb-width-small:100%;--awb-order-small:0;--awb-spacing-right-small:1.92%;--awb-spacing-left-small:1.92%;\"><div class=\"fusion-column-wrapper fusion-column-has-shadow fusion-flex-justify-content-flex-start fusion-content-layout-column\"><div class=\"fusion-image-element \" style=\"text-align:center;--awb-aspect-ratio:1 \/ 1;--awb-mask-url: url(https:\/\/afrissur.cd\/wp-content\/plugins\/fusion-builder\/\/assets\/images\/masks\/mask-10.svg);--awb-caption-title-font-family:var(--h2_typography-font-family);--awb-caption-title-font-weight:var(--h2_typography-font-weight);--awb-caption-title-font-style:var(--h2_typography-font-style);--awb-caption-title-size:var(--h2_typography-font-size);--awb-caption-title-transform:var(--h2_typography-text-transform);--awb-caption-title-line-height:var(--h2_typography-line-height);--awb-caption-title-letter-spacing:var(--h2_typography-letter-spacing);\"><span class=\" fusion-imageframe imageframe-none imageframe-2 hover-type-none has-mask has-aspect-ratio\"><img decoding=\"async\" width=\"612\" height=\"612\" title=\"Arse\u0300ne\" src=\"https:\/\/afrissur.cd\/wp-content\/uploads\/2025\/04\/Arse\u0300ne.jpg\" class=\"img-responsive wp-image-1624 img-with-aspect-ratio\" data-parent-fit=\"cover\" data-parent-container=\".fusion-image-element\" alt srcset=\"https:\/\/afrissur.cd\/wp-content\/uploads\/2025\/04\/Arse\u0300ne-200x200.jpg 200w, https:\/\/afrissur.cd\/wp-content\/uploads\/2025\/04\/Arse\u0300ne-400x400.jpg 400w, https:\/\/afrissur.cd\/wp-content\/uploads\/2025\/04\/Arse\u0300ne-600x600.jpg 600w, https:\/\/afrissur.cd\/wp-content\/uploads\/2025\/04\/Arse\u0300ne.jpg 612w\" sizes=\"(max-width: 640px) 100vw, 400px\" \/><\/span><\/div><div class=\"fusion-title title fusion-title-5 fusion-sep-none fusion-title-center fusion-title-text fusion-title-size-one\" style=\"--awb-text-color:#494994;--awb-font-size:30px;\"><h1 class=\"fusion-title-heading title-heading-center\" style=\"margin:0;text-transform:uppercase;font-size:1em;\"><span style=\"color: #0fc6ba;\"> Ars\u00e8ne<\/span> <br \/>NTAMBUKA<\/h1><\/div><div class=\"fusion-text fusion-text-3\" style=\"--awb-content-alignment:center;\"><p class=\"p1\"><span class=\"s1\"><span style=\"background-color: rgba(0, 0, 0, 0);\"><b style=\"color: var(--awb-color7);\">Chief Executive Officer<\/b><\/span><\/span><\/p>\n<\/div><div class=\"fusion-text fusion-text-4\" style=\"--awb-content-alignment:justify;\"><\/div><div class=\"fusion-text fusion-text-5\" style=\"--awb-content-alignment:justify;\"><p><b>Ars\u00e8ne NTAMBUKA AMANI <\/b> <span style=\"background-color: rgba(0, 0, 0, 0);\">holds a Bachelor\u2019s degree in Business Management from ULPGL Goma (2008) and a Master\u2019s degree in Banking from CFPB France (2014). He has further strengthened his expertise through executive training in innovation and business transformation (Kigali, 2022) and advanced strategic management (Accra, 2023).<\/span><\/p>\n<p>Before joining AFRISSUR, Ars\u00e8ne served as Business Development Manager at Trust Merchant Bank (TMB), where he designed and led the bank\u2019s national commercial strategy, overseeing more than 100 branches. Earlier, as Regional Manager for Eastern DRC, he successfully doubled the branch network and grew deposits despite a challenging security context.<\/p>\n<p>His early experience as Branch Manager in Bukavu and Goma gave him a solid foundation in managing large operational, financial, and human teams.<\/p>\n<p>A polyglot, fluent in French, English, Swahili, and Lingala, Ars\u00e8ne brings strong communication skills, cultural adaptability, and a results-driven approach to leadership. A passionate reader and sports enthusiast, he is also a committed advocate for financial education and inclusion, believing that an inclusive market begins with public awareness of financial products.<\/p>\n<\/div><\/div><\/div><div class=\"fusion-layout-column fusion_builder_column fusion-builder-column-4 fusion_builder_column_1_3 1_3 fusion-flex-column\" style=\"--awb-bg-size:cover;--awb-width-large:33.333333333333%;--awb-margin-top-large:0px;--awb-spacing-right-large:5.76%;--awb-margin-bottom-large:20px;--awb-spacing-left-large:5.76%;--awb-width-medium:33.333333333333%;--awb-order-medium:0;--awb-spacing-right-medium:5.76%;--awb-spacing-left-medium:5.76%;--awb-width-small:100%;--awb-order-small:0;--awb-spacing-right-small:1.92%;--awb-spacing-left-small:1.92%;\"><div class=\"fusion-column-wrapper fusion-column-has-shadow fusion-flex-justify-content-flex-start fusion-content-layout-column\"><div class=\"fusion-image-element \" style=\"text-align:center;--awb-aspect-ratio:1 \/ 1;--awb-mask-url: url(https:\/\/afrissur.cd\/wp-content\/plugins\/fusion-builder\/\/assets\/images\/masks\/mask-10.svg);--awb-caption-title-font-family:var(--h2_typography-font-family);--awb-caption-title-font-weight:var(--h2_typography-font-weight);--awb-caption-title-font-style:var(--h2_typography-font-style);--awb-caption-title-size:var(--h2_typography-font-size);--awb-caption-title-transform:var(--h2_typography-text-transform);--awb-caption-title-line-height:var(--h2_typography-line-height);--awb-caption-title-letter-spacing:var(--h2_typography-letter-spacing);\"><span class=\" fusion-imageframe imageframe-none imageframe-3 hover-type-none has-mask has-aspect-ratio\"><img decoding=\"async\" width=\"612\" height=\"612\" title=\"Abdoulaye\" src=\"https:\/\/afrissur.cd\/wp-content\/uploads\/2025\/04\/Abdoulaye.jpg\" class=\"img-responsive wp-image-1625 img-with-aspect-ratio\" data-parent-fit=\"cover\" data-parent-container=\".fusion-image-element\" alt srcset=\"https:\/\/afrissur.cd\/wp-content\/uploads\/2025\/04\/Abdoulaye-200x200.jpg 200w, https:\/\/afrissur.cd\/wp-content\/uploads\/2025\/04\/Abdoulaye-400x400.jpg 400w, https:\/\/afrissur.cd\/wp-content\/uploads\/2025\/04\/Abdoulaye-600x600.jpg 600w, https:\/\/afrissur.cd\/wp-content\/uploads\/2025\/04\/Abdoulaye.jpg 612w\" sizes=\"(max-width: 640px) 100vw, 400px\" \/><\/span><\/div><div class=\"fusion-title title fusion-title-6 fusion-sep-none fusion-title-center fusion-title-text fusion-title-size-one\" style=\"--awb-text-color:#494994;--awb-font-size:30px;\"><h1 class=\"fusion-title-heading title-heading-center\" style=\"margin:0;text-transform:uppercase;font-size:1em;\"><span style=\"color: #0fc6ba;\"> Abdoulaye<\/span><br \/>\nTOE<\/h1><\/div><div class=\"fusion-text fusion-text-6\" style=\"--awb-content-alignment:center;\"><p class=\"p1\"><span class=\"s1\"><span style=\"background-color: rgba(0, 0, 0, 0);\"><b style=\"color: var(--awb-color7);\">Deputy CEO &#8211; Operations<\/b><\/span><\/span><\/p>\n<\/div><div class=\"fusion-text fusion-text-7\" style=\"--awb-content-alignment:justify;\"><\/div><div class=\"fusion-text fusion-text-8\" style=\"--awb-content-alignment:justify;\"><p style=\"font-weight: 400;\"><strong>Abdoulaye TOE <\/strong><span style=\"background-color: rgba(0, 0, 0, 0);\">is an insurance professional with 6 years of experience in life reinsurance and over 12 years in the life insurance sector as an actuary.<\/span><\/p>\n<p>He holds an Engineering Diploma from the Hautes \u00c9tudes en Assurance (HEA), with a specialization in Actuarial Science. He began his career in 2006 at NSIA C\u00f4te d\u2019Ivoire. In 2007, he joined Sunu Vie C\u00f4te d\u2019Ivoire (formerly UA-VIE), later moving to Allianz Life Insurance, where he worked as Lead Actuary for 8 years. During this time, he deepened his expertise in pricing, product innovation (including mobile insurance), and team management.<\/p>\n<p>In 2015, he became Head of the Life Portfolio at Nouvelle Compagnie Africaine de R\u00e9assurance (NCARE), before joining Afrissur in 2022 as Director of Operations, a role from which he will be promoted to Deputy CEO in 2025.<\/p>\n<p>With extensive experience and solid expertise in insurance\u2014particularly life insurance\u2014his core strengths lie in his professionalism and dedication to fostering a more inclusive insurance landscape. He is also the author of the book \u201cComprendre l\u2019assurance vie \u2013Zone CIMA\u201d (2020).<\/p>\n<\/div><\/div><\/div><div class=\"fusion-layout-column fusion_builder_column fusion-builder-column-5 fusion_builder_column_1_3 1_3 fusion-flex-column\" style=\"--awb-bg-size:cover;--awb-width-large:33.333333333333%;--awb-margin-top-large:0px;--awb-spacing-right-large:5.76%;--awb-margin-bottom-large:20px;--awb-spacing-left-large:5.76%;--awb-width-medium:33.333333333333%;--awb-order-medium:0;--awb-spacing-right-medium:5.76%;--awb-spacing-left-medium:5.76%;--awb-width-small:100%;--awb-order-small:0;--awb-spacing-right-small:1.92%;--awb-spacing-left-small:1.92%;\"><div class=\"fusion-column-wrapper fusion-column-has-shadow fusion-flex-justify-content-flex-start fusion-content-layout-column\"><div class=\"fusion-image-element \" style=\"text-align:center;--awb-aspect-ratio:1 \/ 1;--awb-object-position:13% 47%;--awb-mask-url: url(https:\/\/afrissur.cd\/wp-content\/plugins\/fusion-builder\/\/assets\/images\/masks\/mask-10.svg);--awb-caption-title-font-family:var(--h2_typography-font-family);--awb-caption-title-font-weight:var(--h2_typography-font-weight);--awb-caption-title-font-style:var(--h2_typography-font-style);--awb-caption-title-size:var(--h2_typography-font-size);--awb-caption-title-transform:var(--h2_typography-text-transform);--awb-caption-title-line-height:var(--h2_typography-line-height);--awb-caption-title-letter-spacing:var(--h2_typography-letter-spacing);\"><span class=\" fusion-imageframe imageframe-none imageframe-4 hover-type-none has-mask has-aspect-ratio\"><img decoding=\"async\" width=\"612\" height=\"612\" title=\"YVONNE\" src=\"https:\/\/afrissur.cd\/wp-content\/uploads\/2025\/04\/YVONNE.jpg\" class=\"img-responsive wp-image-1626 img-with-aspect-ratio\" data-parent-fit=\"cover\" data-parent-container=\".fusion-image-element\" alt srcset=\"https:\/\/afrissur.cd\/wp-content\/uploads\/2025\/04\/YVONNE-200x200.jpg 200w, https:\/\/afrissur.cd\/wp-content\/uploads\/2025\/04\/YVONNE-400x400.jpg 400w, https:\/\/afrissur.cd\/wp-content\/uploads\/2025\/04\/YVONNE-600x600.jpg 600w, https:\/\/afrissur.cd\/wp-content\/uploads\/2025\/04\/YVONNE.jpg 612w\" sizes=\"(max-width: 640px) 100vw, 400px\" \/><\/span><\/div><div class=\"fusion-title title fusion-title-7 fusion-sep-none fusion-title-center fusion-title-text fusion-title-size-one\" style=\"--awb-text-color:#494994;--awb-font-size:30px;\"><h1 class=\"fusion-title-heading title-heading-center\" style=\"margin:0;font-size:1em;\"><span style=\"color: #0fc6ba;\">YVONNE<\/span><br \/> MISHIKA KADIYOYO<\/h1><\/div><div class=\"fusion-text fusion-text-9\" style=\"--awb-content-alignment:center;\"><p><strong style=\"color: var(--awb-color7);\">Deputy CEO &#8211; Finance<\/strong><\/p>\n<\/div><div class=\"fusion-text fusion-text-10\" style=\"--awb-content-alignment:justify;\"><p style=\"font-weight: 400;\"><strong>Yvonne MISHIKA KADIYOYO <\/strong><span style=\"background-color: rgba(0, 0, 0, 0);\">holds a Diploma in Commercial and Financial Sciences from the Institut Sup\u00e9rieur de Commerce (Kinshasa, 1987).<\/span><\/p>\n<p>She brings more than 30 years of experience in the banking sector, having held a series of key positions including Credit Officer, Head of Collections, Head of General Services, Head of Logistics, Deputy Head of Accounting, and ultimately Head of the Accounting Department.<\/p>\n<p>Throughout her distinguished career, Ms. MISHIKA has undertaken numerous professional training programs including in asset management, IFRS, and bank performance analysis. She has also received specialized training in insurance and reinsurance accounting, broadening her financial expertise across sectors.<\/p>\n<\/div><\/div><\/div><\/div><\/div><\/p>\n","protected":false},"excerpt":{"rendered":"","protected":false},"author":12,"featured_media":0,"parent":0,"menu_order":2,"comment_status":"closed","ping_status":"closed","template":"100-width.php","meta":{"footnotes":""},"class_list":["post-1785","page","type-page","status-publish","hentry"],"_links":{"self":[{"href":"https:\/\/afrissur.cd\/en\/wp-json\/wp\/v2\/pages\/1785","targetHints":{"allow":["GET"]}}],"collection":[{"href":"https:\/\/afrissur.cd\/en\/wp-json\/wp\/v2\/pages"}],"about":[{"href":"https:\/\/afrissur.cd\/en\/wp-json\/wp\/v2\/types\/page"}],"author":[{"embeddable":true,"href":"https:\/\/afrissur.cd\/en\/wp-json\/wp\/v2\/users\/12"}],"replies":[{"embeddable":true,"href":"https:\/\/afrissur.cd\/en\/wp-json\/wp\/v2\/comments?post=1785"}],"version-history":[{"count":4,"href":"https:\/\/afrissur.cd\/en\/wp-json\/wp\/v2\/pages\/1785\/revisions"}],"predecessor-version":[{"id":1836,"href":"https:\/\/afrissur.cd\/en\/wp-json\/wp\/v2\/pages\/1785\/revisions\/1836"}],"wp:attachment":[{"href":"https:\/\/afrissur.cd\/en\/wp-json\/wp\/v2\/media?parent=1785"}],"curies":[{"name":"wp","href":"https:\/\/api.w.org\/{rel}","templated":true}]}}